{"id":46,"date":"2017-02-26T15:17:35","date_gmt":"2017-02-26T15:17:35","guid":{"rendered":"http:\/\/gminnesprawy.home.pl\/autoinstalator\/wordpress\/?page_id=46"},"modified":"2024-12-29T20:35:12","modified_gmt":"2024-12-29T20:35:12","slug":"nabozenstwa","status":"publish","type":"page","link":"https:\/\/parafiawegliniec.pl\/?page_id=46","title":{"rendered":"Nabo\u017ce\u0144stwa"},"content":{"rendered":"<h4 style=\"text-align: center;\"><span style=\"color: #800080;\">PORZ\u0104DEK MSZY \u015aWI\u0118TYCH W TYGODNIU<\/span><\/h4>\n<hr \/>\n<p><strong>PORZ\u0104DEK MSZY \u015aWI\u0118TYCH W TYGODNIU<\/strong><\/p>\n<p style=\"text-align: left;\">Od wtorku do pi\u0105tku w ko\u015bciele parafialnym o godz. 18.00 (poranna o godz. 7:00 wed\u0142ug og\u0142osze\u0144\/<strong><a href=\"https:\/\/parafiawegliniec.pl\/?page_id=97\">intencji<\/a><\/strong>)<\/p>\n<p>W sobot\u0119 Msze \u015bw. o godz. 9:00 i 18:00 w ko\u015bciele parafialnym.<\/p>\n<p style=\"text-align: left;\"><strong>PORZ\u0104DEK MSZY \u015aWI\u0118TYCH W NIEDZIELE I \u015aWI\u0118TA<\/strong><br \/>\n8.00 \u2013 ko\u015bci\u00f3\u0142 parafialny<br \/>\n10.00 \u2013 ko\u015bci\u00f3\u0142 parafialny<br \/>\n12.00 \u2013 <strong>ko\u015bci\u00f3\u0142 kolejowy<\/strong><br \/>\n18.00 \u2013 ko\u015bci\u00f3\u0142 parafialny<\/p>\n<p style=\"text-align: left;\">Aktualne og\u0142oszenia parafialne i intencje mszalne znajduj\u0105 si\u0119 na internetowej stronie Parafii:<br \/>\n<strong>www.parafiawegliniec.pl<\/strong><\/p>\n<p style=\"text-align: left;\"><strong>NABO\u017bE\u0143STWA:<\/strong><br \/>\nNowenna do Matki Bo\u017cej Nieustaj\u0105cej Pomocy \u2013 \u015broda, godz. 18.00<br \/>\nModlitwa wdzi\u0119czno\u015bci za powo\u0142ania i pro\u015bby o nowe powo\u0142ania do kap\u0142a\u0144stwa i \u017cycia<br \/>\nkonsekrowanego \u2013 I czwartek miesi\u0105ca<br \/>\nNabo\u017ce\u0144stwo do Naj\u015bwi\u0119tszego Serca Pana Jezusa \u2013 I pi\u0105tek miesi\u0105ca<br \/>\nNabo\u017ce\u0144stwo ku czci Niepokalanego Serca NMP \u2013 I sobota miesi\u0105ca<br \/>\nNabo\u017ce\u0144stwo do Mi\u0142osierdzia Bo\u017cego \u2013 III pi\u0105tek miesi\u0105ca<br \/>\nNabo\u017ce\u0144stwo fatimskie \u2013 od maja do pa\u017adziernika 13-go dnia miesi\u0105ca<br \/>\nDroga Krzy\u017cowa w Wielkim Po\u015bcie \u2013 pi\u0105tek, godz. 17.15<br \/>\nGorzkie \u017bale \u2013 niedziela, godz. 16.15<br \/>\nNabo\u017ce\u0144stwo majowe \u2013 godz. 17.30<br \/>\nNabo\u017ce\u0144stwo r\u00f3\u017ca\u0144cowe \u2013 codziennie w pa\u017adzierniku, godz. 17.15<br \/>\nModlitwa za wiernych zmar\u0142ych (wypominki) \u2013 w listopadzie (wed\u0142ug planu na poszczeg\u00f3lne<br \/>\ndni), godz. 16.15<\/p>\n<p style=\"text-align: left;\"><strong>SAKRAMENT POKUTY I POJEDNANIA:<\/strong><br \/>\nCodziennie 30 minut przed ka\u017cd\u0105 Msz\u0105 \u015bw.<br \/>\nW I pi\u0105tek miesi\u0105ca \u2013 od godz. 6.30 i od godz. 17.00<br \/>\nW III pi\u0105tek miesi\u0105ca \u2013 od godz. 17.00<\/p>\n<p style=\"text-align: left;\"><strong>ODWIEDZINY CHORYCH<\/strong><br \/>\nI pi\u0105tek miesi\u0105ca od godz. 9.00<\/p>\n","protected":false},"excerpt":{"rendered":"<p>PORZ\u0104DEK MSZY \u015aWI\u0118TYCH W TYGODNIU PORZ\u0104DEK MSZY \u015aWI\u0118TYCH W TYGODNIU Od wtorku do pi\u0105tku w ko\u015bciele parafialnym o godz. 18.00 (poranna o godz. 7:00 wed\u0142ug og\u0142osze\u0144\/intencji) W sobot\u0119 Msze \u015bw. o godz. 9:00 i 18:00 w ko\u015bciele parafialnym. PORZ\u0104DEK MSZY \u015aWI\u0118TYCH W NIEDZIELE I \u015aWI\u0118TA 8.00 \u2013 ko\u015bci\u00f3\u0142 parafialny 10.00 \u2013 ko\u015bci\u00f3\u0142 parafialny 12.00 \u2013 [&hellip;]<\/p>\n","protected":false},"author":1,"featured_media":0,"parent":0,"menu_order":0,"comment_status":"closed","ping_status":"closed","template":"","meta":[],"_links":{"self":[{"href":"https:\/\/parafiawegliniec.pl\/index.php?rest_route=\/wp\/v2\/pages\/46"}],"collection":[{"href":"https:\/\/parafiawegliniec.pl\/index.php?rest_route=\/wp\/v2\/pages"}],"about":[{"href":"https:\/\/parafiawegliniec.pl\/index.php?rest_route=\/wp\/v2\/types\/page"}],"author":[{"embeddable":true,"href":"https:\/\/parafiawegliniec.pl\/index.php?rest_route=\/wp\/v2\/users\/1"}],"replies":[{"embeddable":true,"href":"https:\/\/parafiawegliniec.pl\/index.php?rest_route=%2Fwp%2Fv2%2Fcomments&post=46"}],"version-history":[{"count":13,"href":"https:\/\/parafiawegliniec.pl\/index.php?rest_route=\/wp\/v2\/pages\/46\/revisions"}],"predecessor-version":[{"id":3385,"href":"https:\/\/parafiawegliniec.pl\/index.php?rest_route=\/wp\/v2\/pages\/46\/revisions\/3385"}],"wp:attachment":[{"href":"https:\/\/parafiawegliniec.pl\/index.php?rest_route=%2Fwp%2Fv2%2Fmedia&parent=46"}],"curies":[{"name":"wp","href":"https:\/\/api.w.org\/{rel}","templated":true}]}}