{"id":95,"date":"2020-10-18T09:43:00","date_gmt":"2020-10-18T09:43:00","guid":{"rendered":"http:\/\/gminnesprawy.home.pl\/autoinstalator\/wordpress\/?page_id=95"},"modified":"2026-04-26T14:58:11","modified_gmt":"2026-04-26T14:58:11","slug":"ogloszenia","status":"publish","type":"page","link":"https:\/\/parafiawegliniec.pl\/?page_id=95","title":{"rendered":"Og\u0142oszenia parafialne"},"content":{"rendered":"\n<p><strong>OG\u0141OSZENIA DUSZPASTERSKIE \u2013 26 kwietnia 2026 r<\/strong>.<\/p>\n\n\n\n<ol><li>Dzi\u015b IV Niedziela Wielkanocy, Niedziela Dobrego Pasterza, rozpoczynaj\u0105ca Tydzie\u0144 modlitw o powo\u0142ania do s\u0142u\u017cby w Ko\u015bciele.<\/li><li>Kalendarz liturgiczny:<\/li><\/ol>\n\n\n\n<ul><li>w \u015brod\u0119, \u015bwi\u0119to \u015bw. Katarzyny Siene\u0144skiej, dziewicy i dr Ko\u015bcio\u0142a, Patronki Europy.<\/li><li>w sobot\u0119, uroczysto\u015b\u0107 NMP Kr\u00f3lowej Polski.<\/li><\/ul>\n\n\n\n<ol start=\"3\"><li>Porz\u0105dek liturgii: (druga kartka &#8211; intencje).<\/li><li>Kancelaria parafialna czynna w \u015brod\u0119 po wieczornej Mszy \u015bw.<\/li><li>W sobot\u0119 od 8:30 adoracja NS w ciszy.<\/li><li>W pi\u0105tek rozpoczyna si\u0119 miesi\u0105c maj, kt\u00f3ry po\u015bwi\u0119cony jest szczeg\u00f3lnej czci NMP. Nabo\u017ce\u0144stwa majowe codziennie opr\u00f3cz poniedzia\u0142k\u00f3w o 17:30.<\/li><li>We wtorek (28 kwietnia) po Mszy \u015bw. wieczornej pr\u00f3ba dla dzieci klasy III przygotowuj\u0105cej si\u0119 do I Komunii \u015bw.<\/li><li>W tym tygodniu I czwartek, pi\u0105tek i sobota miesi\u0105ca. W pi\u0105tek nie b\u0119dzie Mszy \u015bw. Odwiedziny chorych wyj\u0105tkowo w sobot\u0119 od 9:30. Okazja do spowiedzi r\u00f3wnie\u017c w sobot\u0119.<\/li><li>W przysz\u0142\u0105 niedziel\u0119 w Ko\u015bciele kolejowym suma odpustowa o godzinie 13:00 za Parafian, kt\u00f3rej b\u0119dzie przewodniczy\u0142, ks. Pawe\u0142 JAGUSZ, proboszcz z D\u0142u\u017cyny.<\/li><li>W zwi\u0105zku z brakiem zainteresowania pielgrzymk\u0105 do Wadowic i Kalwarii Zebrzydowskiej informuj\u0119, \u017ce zamienili\u015bmy autobus na ma\u0142ego busa. Lista na pielgrzymk\u0119 jest ju\u017c zamkni\u0119ta.<\/li><li>Biskup Legnicki Andrzej SIEMIENIEWSKI udziela dyspensy od pokarm\u00f3w mi\u0119snych na najbli\u017cszy pi\u0105tek 1 maja.<\/li><li>Dzi\u0119kuj\u0119 wszystkim, kt\u00f3rzy posprz\u0105tali Gr\u00f3b Pa\u0144ski w Ko\u015bciele kolejowym. S\u0142owa podzi\u0119kowania kieruj\u0119 r\u00f3wnie\u017c do os\u00f3b, kt\u00f3re poprzycina\u0142y i posprz\u0105ta\u0142y ga\u0142\u0119zie z drzew przy Ko\u015bciele parafialnym.<\/li><li>Prosz\u0119 o posprz\u0105tanie Ko\u015bcio\u0142a w sobot\u0119 02.05 o godz. 10:00:<\/li><\/ol>\n\n\n\n<ul><li>Ko\u015bci\u00f3\u0142 parafialny: rodziny zamieszka\u0142e przy ul. Karola Wojty\u0142y:<br>p. Alicja WIGANT, Danuta SZYBOWICZ, Teresa BIARDZKA, Ma\u0142gorzata BIARDZKA, Czes\u0142awa WAWRZYNOWSKA, Barbara KANIA.<\/li><li>ko\u015bci\u00f3\u0142 kolejowy: rodziny zamieszka\u0142e przy ul. Mickiewicza:<br>p. Ewa WACHECKA, Agnieszka SZYBOWICZ, Katarzyna MICHALUK, Maria KARCZ, Kazimiera STAWECKA, Zofia WRZESI\u0143SKA, Aleksandra WOJDY\u0141O.<\/li><\/ul>\n\n\n\n<ol start=\"14\"><li>Dzi\u0119kuj\u0119 osobom, kt\u00f3re z\u0142o\u017cy\u0142y ofiary na kwiaty do naszych \u015bwi\u0105ty\u0144:<\/li><\/ol>\n\n\n\n<ul><li>ko\u015bci\u00f3\u0142 parafialny: p. Stanis\u0142aw ZORY\u0141O, Magdalena CIERZNIAK, Renata MAJDZIAK, Katarzyna KORNASIEWICZ, Bo\u017cena i Zygmunt WAJDA.<\/li><li>ko\u015bci\u00f3\u0142 kolejowy:.<\/li><\/ul>\n\n\n\n<p>Zapowiedzi przed\u015blubne:<br>\u2022 Marek J\u00f3zef MORASIEWICZ, zam. Piasecznik.<br>\u2022 Magdalena DUDEK, zam. \u017belechowo, zap. III.<\/p>\n","protected":false},"excerpt":{"rendered":"<p>OG\u0141OSZENIA DUSZPASTERSKIE \u2013 26 kwietnia 2026 r. Dzi\u015b IV Niedziela Wielkanocy, Niedziela Dobrego Pasterza, rozpoczynaj\u0105ca Tydzie\u0144 modlitw o powo\u0142ania do s\u0142u\u017cby w Ko\u015bciele. Kalendarz liturgiczny: w \u015brod\u0119, \u015bwi\u0119to \u015bw. Katarzyny Siene\u0144skiej, dziewicy i dr Ko\u015bcio\u0142a, Patronki Europy. w sobot\u0119, uroczysto\u015b\u0107 NMP Kr\u00f3lowej Polski. Porz\u0105dek liturgii: (druga kartka &#8211; intencje). Kancelaria parafialna czynna w \u015brod\u0119 po [&hellip;]<\/p>\n","protected":false},"author":1,"featured_media":0,"parent":0,"menu_order":0,"comment_status":"closed","ping_status":"closed","template":"","meta":[],"_links":{"self":[{"href":"https:\/\/parafiawegliniec.pl\/index.php?rest_route=\/wp\/v2\/pages\/95"}],"collection":[{"href":"https:\/\/parafiawegliniec.pl\/index.php?rest_route=\/wp\/v2\/pages"}],"about":[{"href":"https:\/\/parafiawegliniec.pl\/index.php?rest_route=\/wp\/v2\/types\/page"}],"author":[{"embeddable":true,"href":"https:\/\/parafiawegliniec.pl\/index.php?rest_route=\/wp\/v2\/users\/1"}],"replies":[{"embeddable":true,"href":"https:\/\/parafiawegliniec.pl\/index.php?rest_route=%2Fwp%2Fv2%2Fcomments&post=95"}],"version-history":[{"count":523,"href":"https:\/\/parafiawegliniec.pl\/index.php?rest_route=\/wp\/v2\/pages\/95\/revisions"}],"predecessor-version":[{"id":3845,"href":"https:\/\/parafiawegliniec.pl\/index.php?rest_route=\/wp\/v2\/pages\/95\/revisions\/3845"}],"wp:attachment":[{"href":"https:\/\/parafiawegliniec.pl\/index.php?rest_route=%2Fwp%2Fv2%2Fmedia&parent=95"}],"curies":[{"name":"wp","href":"https:\/\/api.w.org\/{rel}","templated":true}]}}